{"id":14193,"date":"2023-08-22T14:47:35","date_gmt":"2023-08-22T14:47:35","guid":{"rendered":"https:\/\/deutermanlaw.com\/?page_id=14193"},"modified":"2024-12-11T17:22:18","modified_gmt":"2024-12-11T22:22:18","slug":"privacy-policy","status":"publish","type":"page","link":"https:\/\/deutermanlaw.com\/es\/politica-de-privacidad\/","title":{"rendered":"Pol\u00edtica de Privacidad"},"content":{"rendered":"<div id=\"policy\" width=\"640\" height=\"480\"  data-policy-key=\"TUU1amRFeDBZWFJJUW1Wa2RIYzlQUT09\"  data-extra=\"h-align=left&#038;table-style=accordion\" > Por favor, espere mientras se carga la pol\u00edtica. Si no se carga, por favor <a rel=\"nofollow noopener\" href=\"https:\/\/app.termageddon.com\/api\/policy\/TUU1amRFeDBZWFJJUW1Wa2RIYzlQUT09?h-align=left&#038;table-style=accordion\" target=\"_blank\" aria-label=\"Ver pol\u00edtica\">haga clic aqu\u00ed para consultar la pol\u00edtica<\/a>. <\/div>\n<p><script src=\"https:\/\/app.termageddon.com\/js\/termageddon.js\"><\/script><\/p>","protected":false},"excerpt":{"rendered":"<p>Espere a que se cargue la pol\u00edtica. Si no se carga, haga clic aqu\u00ed para ver la pol\u00edtica.<\/p>","protected":false},"author":12,"featured_media":0,"parent":0,"menu_order":0,"comment_status":"closed","ping_status":"closed","template":"","meta":{"_acf_changed":false,"inline_featured_image":false,"_lmt_disableupdate":"","_lmt_disable":"","_themeisle_gutenberg_block_has_review":false,"footnotes":""},"class_list":["post-14193","page","type-page","status-publish","hentry"],"acf":[],"_links":{"self":[{"href":"https:\/\/deutermanlaw.com\/es\/wp-json\/wp\/v2\/pages\/14193","targetHints":{"allow":["GET"]}}],"collection":[{"href":"https:\/\/deutermanlaw.com\/es\/wp-json\/wp\/v2\/pages"}],"about":[{"href":"https:\/\/deutermanlaw.com\/es\/wp-json\/wp\/v2\/types\/page"}],"author":[{"embeddable":true,"href":"https:\/\/deutermanlaw.com\/es\/wp-json\/wp\/v2\/users\/12"}],"replies":[{"embeddable":true,"href":"https:\/\/deutermanlaw.com\/es\/wp-json\/wp\/v2\/comments?post=14193"}],"version-history":[{"count":0,"href":"https:\/\/deutermanlaw.com\/es\/wp-json\/wp\/v2\/pages\/14193\/revisions"}],"wp:attachment":[{"href":"https:\/\/deutermanlaw.com\/es\/wp-json\/wp\/v2\/media?parent=14193"}],"curies":[{"name":"wp","href":"https:\/\/api.w.org\/{rel}","templated":true}]}}