{"id":14197,"date":"2023-08-22T14:57:31","date_gmt":"2023-08-22T14:57:31","guid":{"rendered":"https:\/\/deutermanlaw.com\/?page_id=14197"},"modified":"2025-04-28T12:40:32","modified_gmt":"2025-04-28T16:40:32","slug":"disclaimer","status":"publish","type":"page","link":"https:\/\/deutermanlaw.com\/es\/descargo-de-responsabilidad\/","title":{"rendered":"Descargo de Responsabilidad"},"content":{"rendered":"<p>Le rogamos que lea atentamente esta cl\u00e1usula de exenci\u00f3n de responsabilidad antes de utilizar el sitio web https:\/\/deutermanlaw.com\/ (el \"sitio web\") gestionado por Deuterman Law Group, una sociedad constituida en Carolina del Norte (\"nosotros\", \"nos\", \"nuestro\"), ya que contiene informaci\u00f3n importante sobre las limitaciones de nuestra responsabilidad. Su acceso y uso del Sitio Web est\u00e1n condicionados a su aceptaci\u00f3n y cumplimiento de este Descargo de Responsabilidad. El presente Descargo de responsabilidad se aplica a todas las personas, incluidos, entre otros: visitantes, usuarios y otras personas, que deseen acceder al Sitio web o utilizarlo.<\/p>\n\n\n\n<p>Al acceder o utilizar el Sitio Web, usted acepta quedar vinculado por el presente Aviso Legal. Si no est\u00e1 de acuerdo con alguna parte de este Aviso Legal, no tiene nuestro permiso para acceder o utilizar el Sitio Web.<\/p>\n\n\n\n<h2 class=\"wp-block-heading\">Cl\u00e1usula de exenci\u00f3n de responsabilidad<\/h2>\n\n\n\n<p>Este sitio web contiene anuncios de informaci\u00f3n, productos y servicios proporcionados por terceros. No garantizamos la idoneidad de la informaci\u00f3n, los productos o los servicios contenidos en estos anuncios para ning\u00fan fin. Nuestra inclusi\u00f3n de dicha informaci\u00f3n, productos y servicios no constituye su recomendaci\u00f3n o aprobaci\u00f3n. <\/p>\n\n\n\n<p>Al hacer clic en un anuncio, acceder\u00e1 a un sitio web de terceros que no est\u00e1 controlado ni gestionado por nosotros. Por lo tanto, debe leer la pol\u00edtica de privacidad y las condiciones de dichos sitios web. No controlamos dichos sitios web ni sus pr\u00e1cticas.<\/p>\n\n\n\n<h2 class=\"wp-block-heading\">Sin asesoramiento jur\u00eddico<\/h2>\n\n\n\n<p>La informaci\u00f3n contenida en este sitio web no constituye asesoramiento jur\u00eddico y no debe tratarse como tal. Siempre debe ponerse en contacto con un abogado para que le ayude con sus necesidades y problemas legales espec\u00edficos.<\/p>\n\n\n\n<h2 class=\"wp-block-heading\">Cambios<\/h2>\n\n\n\n<p>Nos reservamos el derecho a modificar esta pol\u00edtica en cualquier momento sin previo aviso.<\/p>\n\n\n\n<h2 class=\"wp-block-heading\">Preguntas<\/h2>\n\n\n\n<p>Si tiene alguna pregunta sobre este descargo de responsabilidad, p\u00f3ngase en contacto con nosotros en media@deutermanlaw.com.<\/p>\n\n\n\n<p>Por favor, espere mientras se carga la pol\u00edtica. Si no se carga, por favor\u00a0<a href=\"https:\/\/app.termageddon.com\/api\/policy\/U0ROTVpHSnNaMUo1VkVvd04wRTlQUT09?h-align=left&amp;table-style=accordion\" target=\"_blank\" rel=\"noreferrer noopener\">pulse aqu\u00ed<\/a>.<\/p>","protected":false},"excerpt":{"rendered":"<p>Please read this Disclaimer carefully before using the https:\/\/deutermanlaw.com\/ Website (the &#8220;Website&#8221;) operated by Deuterman Law Group, a(n) Corporation formed in North Carolina (&#8220;us,&#8221; &#8220;we,&#8221; &#8220;our&#8221;) as this Disclaimer contains important information regarding limitations of our liability. Your access to and use of the Website is conditional upon your acceptance of and compliance with this [&hellip;]<\/p>\n","protected":false},"author":12,"featured_media":0,"parent":0,"menu_order":0,"comment_status":"closed","ping_status":"closed","template":"","meta":{"_acf_changed":false,"inline_featured_image":false,"_lmt_disableupdate":"","_lmt_disable":"","_themeisle_gutenberg_block_has_review":false,"footnotes":""},"class_list":["post-14197","page","type-page","status-publish","hentry"],"acf":[],"_links":{"self":[{"href":"https:\/\/deutermanlaw.com\/es\/wp-json\/wp\/v2\/pages\/14197","targetHints":{"allow":["GET"]}}],"collection":[{"href":"https:\/\/deutermanlaw.com\/es\/wp-json\/wp\/v2\/pages"}],"about":[{"href":"https:\/\/deutermanlaw.com\/es\/wp-json\/wp\/v2\/types\/page"}],"author":[{"embeddable":true,"href":"https:\/\/deutermanlaw.com\/es\/wp-json\/wp\/v2\/users\/12"}],"replies":[{"embeddable":true,"href":"https:\/\/deutermanlaw.com\/es\/wp-json\/wp\/v2\/comments?post=14197"}],"version-history":[{"count":0,"href":"https:\/\/deutermanlaw.com\/es\/wp-json\/wp\/v2\/pages\/14197\/revisions"}],"wp:attachment":[{"href":"https:\/\/deutermanlaw.com\/es\/wp-json\/wp\/v2\/media?parent=14197"}],"curies":[{"name":"wp","href":"https:\/\/api.w.org\/{rel}","templated":true}]}}