{"id":4168,"date":"2023-07-06T14:04:34","date_gmt":"2023-07-06T14:04:34","guid":{"rendered":"https:\/\/deutermanlaw.com\/?page_id=4168"},"modified":"2023-08-28T15:55:02","modified_gmt":"2023-08-28T15:55:02","slug":"driving-directions","status":"publish","type":"page","link":"https:\/\/deutermanlaw.com\/es\/como-llegar\/","title":{"rendered":"C\u00f3mo Llegar en Veh\u00edculo"},"content":{"rendered":"<div class=\"container-full hero has-image bg-light-grey\">\n                                    <figure>\n                    <img decoding=\"async\" src=\"data:image\/gif;base64,R0lGODdhAQABAPAAAP8AAAAAACwAAAAAAQABAAACAkQBADs=\" srcset=\"https:\/\/deutermanlaw.com\/wp-content\/uploads\/2023\/06\/contact-scaled-e1692890033331.jpg 2560w, https:\/\/deutermanlaw.com\/wp-content\/uploads\/2023\/06\/contact-scaled-e1692890033331-300x158.jpg 300w, https:\/\/deutermanlaw.com\/wp-content\/uploads\/2023\/06\/contact-scaled-e1692890033331-1024x541.jpg 1024w, https:\/\/deutermanlaw.com\/wp-content\/uploads\/2023\/06\/contact-scaled-e1692890033331-768x406.jpg 768w, https:\/\/deutermanlaw.com\/wp-content\/uploads\/2023\/06\/contact-scaled-e1692890033331-1536x811.jpg 1536w, https:\/\/deutermanlaw.com\/wp-content\/uploads\/2023\/06\/contact-scaled-e1692890033331-2048x1082.jpg 2048w, https:\/\/deutermanlaw.com\/wp-content\/uploads\/2023\/06\/contact-scaled-e1692890033331-18x10.jpg 18w\" sizes=\"(max-width: 2560px) 100vw, 2560px\" alt=\"contacto escalado e1692890033331\" title=\"\">\n                <\/figure>\n                            <div class=\"container\">\n        \t<div class=\"row align-center\">\n                <div class=\"col-12 col-lg-9 text-center\">\n                    <div class=\"text\">\n                                                    <h1>C\u00f3mo Llegar en Veh\u00edculo<\/h1>\n                                                                                            <\/div>\n        \t\t<\/div>\n        \t<\/div>\n        <\/div>\n    <\/div>\n\r\n\r\n\t\t<div class=\"container-full page-copy bg-dark-blue\">\n\t\t\t\t<div class=\"container\">\n            \t        <div class=\"row row-content\">\n\t\t\t\t<div class=\"col-12 col-lg-8 offset-lg-2\">\n\t\t\t\t\t<div class=\"text\">\n\t\t\t\t\t\t\t\t\t\t\t\t\t<h4>Desde Asheboro<\/h4>\n<p>Tome 220N. Tome esto por 23 millas, hasta llegar a la salida de Freeman Mill Rd. Contin\u00fae por Freeman Mill Rd y luego tome Battleground Ave hasta Lawndale Dr.<\/p>\n<h4>Desde Asheville<\/h4>\n<p>Tome la I-40E hacia Statesville hasta Greensboro. Tome la SALIDA 218B e incorp\u00f3rese a Freeman Mill Rd. Contin\u00fae por Freeman Mill Rd y luego tome Battleground Ave hasta Lawndale Dr.<\/p>\n<h4>Desde Burlington, Chapel Hill and Raleigh-Durham<\/h4>\n<p>Tome la I-40 W\/I-85 S. Contin\u00fae por la I-40 W\/I-85 S hasta Greensboro. Tome la salida 18 de la I-785\/I-840 W. Siga la US-70 W y Wendover Ave E hasta Lawndale Dr.<\/p>\n<h4>Desde Charlotte<\/h4>\n<p>Tome la I-77 N\/US-21 N desde W 6th St y W 5th S. Siga la I-85 N hasta Freeman Mill Rd en Greensboro. Contin\u00fae por\u00a0Freeman Mill Rd. Tome Battleground Ave hasta Lawndale Dr.<\/p>\n<h4>Desde Denton<\/h4>\n<p>Tome la I-85 N en Thomasville. Contin\u00fae por la I-85 N hacia Greensboro. Contin\u00fae por\u00a0Freeman Mill Rd. Tome Battleground Ave hasta Lawndale Dr.<\/p>\n<h4>Desde Eden y Reidsville<\/h4>\n<p>Tome la US-29 S. Siga la US-29 S hasta E Cone Blvd en Greensboro. Tome la salida Cone Blvd desde US-29 S\/N O'Henry Blvd. Contin\u00fae por\u00a0E Cone Blvd. Conduzca hasta Lawndale Dr.<\/p>\n<h4>Desde Fayetteville<\/h4>\n<p>Siga\u00a0NC-210 N\/Murchison Rd\u00a0y\u00a0NC-87\u00a0hasta\u00a0NC-87 BYP\u00a0en\u00a02, Jonesboro. Tome la US-421 N hasta Lawndale Dr en Greensboro. Utilice los 2 carriles de la derecha para girar ligeramente a la derecha en Lawndale Dr.<\/p>\n<h4>Desde Jacksonville<\/h4>\n<p>Tome la I-40 W en Kenansville desde NC-24 W. Siga la I-40 W hasta la US-70 W\/Burlington Rd en Greensboro. Tome la salida 18 de la I-785\/I-840 W. Siga la US-70 W y Wendover Ave E hasta Lawndale Dr.<\/p>\n<h4>Desde Kernersville<\/h4>\n<p>Tome la US-421 S. Tome lawndale Dr en Greensboro desde la I-40 E, la I-73 N y la I-840. Incorp\u00f3rese a Lawndale Dr.<\/p>\n<h4>Desde Lexington\/Thomasville<\/h4>\n<p>Ingrese a la I-85 BL N. Contin\u00fae por la I-85 BL NC hasta Greensboro. Contin\u00fae por\u00a0Freeman Mill Rd. Tome Battleground Ave hasta Lawndale Dr.<\/p>\n<h4>Desde Madison, Mayodan, Summerfield y Stokesdale<\/h4>\n<p>Tome la I-73 S. Tome la salida 119 hacia Greensboro. Contin\u00fae por la US-220 S. Incorp\u00f3rese a la I-840. Luego incorp\u00f3rese a Lawndale Dr.<\/p>\n<h4>Desde Winston-Salem<\/h4>\n<p>Tome la US 421 S. Salida 208 hacia la I-40 E. Tome la salida 212B para incorporarse a la I-73 N hacia la I-840 E\/PTI-GSO Airport\/Martinsville. Contin\u00fae por la I-840 e incorp\u00f3rese a Lawndale Dr.<\/p>\n\t\t\t\t\t\t\t\t\t\t\t<\/div>\n\t\t\t\t<\/div>\n\t        <\/div>\n\n\t        \n\t\t<\/div>\n\t<\/div>","protected":false},"excerpt":{"rendered":"","protected":false},"author":12,"featured_media":0,"parent":0,"menu_order":2,"comment_status":"closed","ping_status":"closed","template":"","meta":{"_acf_changed":false,"inline_featured_image":false,"_lmt_disableupdate":"","_lmt_disable":"","_themeisle_gutenberg_block_has_review":false,"footnotes":""},"class_list":["post-4168","page","type-page","status-publish","hentry"],"acf":[],"_links":{"self":[{"href":"https:\/\/deutermanlaw.com\/es\/wp-json\/wp\/v2\/pages\/4168","targetHints":{"allow":["GET"]}}],"collection":[{"href":"https:\/\/deutermanlaw.com\/es\/wp-json\/wp\/v2\/pages"}],"about":[{"href":"https:\/\/deutermanlaw.com\/es\/wp-json\/wp\/v2\/types\/page"}],"author":[{"embeddable":true,"href":"https:\/\/deutermanlaw.com\/es\/wp-json\/wp\/v2\/users\/12"}],"replies":[{"embeddable":true,"href":"https:\/\/deutermanlaw.com\/es\/wp-json\/wp\/v2\/comments?post=4168"}],"version-history":[{"count":0,"href":"https:\/\/deutermanlaw.com\/es\/wp-json\/wp\/v2\/pages\/4168\/revisions"}],"wp:attachment":[{"href":"https:\/\/deutermanlaw.com\/es\/wp-json\/wp\/v2\/media?parent=4168"}],"curies":[{"name":"wp","href":"https:\/\/api.w.org\/{rel}","templated":true}]}}